{"id":8,"date":"2018-10-16T13:10:26","date_gmt":"2018-10-16T13:10:26","guid":{"rendered":"http:\/\/goumotplomberie.fr\/?page_id=8"},"modified":"2021-08-05T17:30:22","modified_gmt":"2021-08-05T15:30:22","slug":"about","status":"publish","type":"page","link":"https:\/\/goumotplomberie.fr\/?page_id=8","title":{"rendered":"A Propos de moi"},"content":{"rendered":"\t\t<div data-elementor-type=\"wp-post\" data-elementor-id=\"8\" class=\"elementor elementor-8\">\n\t\t\t\t\t\t<section class=\"elementor-section elementor-top-section elementor-element elementor-element-53fa9c8b elementor-section-content-bottom elementor-section-boxed elementor-section-height-default elementor-section-height-default\" data-id=\"53fa9c8b\" data-element_type=\"section\" data-settings=\"{&quot;background_background&quot;:&quot;classic&quot;}\">\n\t\t\t\t\t\t\t<div class=\"elementor-background-overlay\"><\/div>\n\t\t\t\t\t\t\t<div class=\"elementor-container elementor-column-gap-no\">\n\t\t\t\t\t<div class=\"elementor-column elementor-col-50 elementor-top-column elementor-element elementor-element-77b672db\" data-id=\"77b672db\" data-element_type=\"column\">\n\t\t\t<div class=\"elementor-widget-wrap elementor-element-populated\">\n\t\t\t\t\t\t<div class=\"elementor-element elementor-element-53348389 elementor-widget elementor-widget-heading\" data-id=\"53348389\" data-element_type=\"widget\" data-widget_type=\"heading.default\">\n\t\t\t\t<div class=\"elementor-widget-container\">\n\t\t\t\t\t<h1 class=\"elementor-heading-title elementor-size-default\">A Propos de moi<\/h1>\t\t\t\t<\/div>\n\t\t\t\t<\/div>\n\t\t\t\t\t<\/div>\n\t\t<\/div>\n\t\t\t\t<div class=\"elementor-column elementor-col-50 elementor-top-column elementor-element elementor-element-249c44ac\" data-id=\"249c44ac\" data-element_type=\"column\">\n\t\t\t<div class=\"elementor-widget-wrap elementor-element-populated\">\n\t\t\t\t\t\t<div class=\"elementor-element elementor-element-4e1807bf elementor-widget elementor-widget-heading\" data-id=\"4e1807bf\" data-element_type=\"widget\" data-widget_type=\"heading.default\">\n\t\t\t\t<div class=\"elementor-widget-container\">\n\t\t\t\t\t<h6 class=\"elementor-heading-title elementor-size-default\">Goumot plomberie - pays d'auray<\/h6>\t\t\t\t<\/div>\n\t\t\t\t<\/div>\n\t\t\t\t<div class=\"elementor-element elementor-element-587304e7 elementor-align-end elementor-mobile-align-start elementor-icon-list--layout-traditional elementor-list-item-link-full_width elementor-widget elementor-widget-icon-list\" data-id=\"587304e7\" data-element_type=\"widget\" data-widget_type=\"icon-list.default\">\n\t\t\t\t<div class=\"elementor-widget-container\">\n\t\t\t\t\t\t\t<ul class=\"elementor-icon-list-items\">\n\t\t\t\t\t\t\t<li class=\"elementor-icon-list-item\">\n\t\t\t\t\t\t\t\t\t\t\t<span class=\"elementor-icon-list-icon\">\n\t\t\t\t\t\t\t<i aria-hidden=\"true\" class=\"fas fa-mail-bulk\"><\/i>\t\t\t\t\t\t<\/span>\n\t\t\t\t\t\t\t\t\t\t<span class=\"elementor-icon-list-text\">jgoumot.its@gmail.com<\/span>\n\t\t\t\t\t\t\t\t\t<\/li>\n\t\t\t\t\t\t<\/ul>\n\t\t\t\t\t\t<\/div>\n\t\t\t\t<\/div>\n\t\t\t\t\t<\/div>\n\t\t<\/div>\n\t\t\t\t\t<\/div>\n\t\t<\/section>\n\t\t\t\t<section class=\"elementor-section elementor-top-section elementor-element elementor-element-8bfbeb8 elementor-section-boxed elementor-section-height-default elementor-section-height-default\" data-id=\"8bfbeb8\" data-element_type=\"section\" data-settings=\"{&quot;background_background&quot;:&quot;gradient&quot;}\">\n\t\t\t\t\t\t<div class=\"elementor-container elementor-column-gap-no\">\n\t\t\t\t\t<div class=\"elementor-column elementor-col-100 elementor-top-column elementor-element elementor-element-4722bd25\" data-id=\"4722bd25\" data-element_type=\"column\">\n\t\t\t<div class=\"elementor-widget-wrap elementor-element-populated\">\n\t\t\t\t\t\t<section class=\"elementor-section elementor-inner-section elementor-element elementor-element-3d686238 elementor-section-boxed elementor-section-height-default elementor-section-height-default\" data-id=\"3d686238\" data-element_type=\"section\">\n\t\t\t\t\t\t<div class=\"elementor-container elementor-column-gap-no\">\n\t\t\t\t\t<div class=\"elementor-column elementor-col-33 elementor-inner-column elementor-element elementor-element-2fdae31a\" data-id=\"2fdae31a\" data-element_type=\"column\">\n\t\t\t<div class=\"elementor-widget-wrap elementor-element-populated\">\n\t\t\t\t\t\t<div class=\"elementor-element elementor-element-7e5c7e10 elementor-widget elementor-widget-heading\" data-id=\"7e5c7e10\" data-element_type=\"widget\" data-widget_type=\"heading.default\">\n\t\t\t\t<div class=\"elementor-widget-container\">\n\t\t\t\t\t<h2 class=\"elementor-heading-title elementor-size-default\">Un parcours atypique mais une r\u00e9elle passion pour la plomberie<\/h2>\t\t\t\t<\/div>\n\t\t\t\t<\/div>\n\t\t\t\t<div class=\"elementor-element elementor-element-71c0c936 elementor-widget-divider--view-line elementor-widget elementor-widget-divider\" data-id=\"71c0c936\" data-element_type=\"widget\" data-widget_type=\"divider.default\">\n\t\t\t\t<div class=\"elementor-widget-container\">\n\t\t\t\t\t\t\t<div class=\"elementor-divider\">\n\t\t\t<span class=\"elementor-divider-separator\">\n\t\t\t\t\t\t<\/span>\n\t\t<\/div>\n\t\t\t\t\t\t<\/div>\n\t\t\t\t<\/div>\n\t\t\t\t\t<\/div>\n\t\t<\/div>\n\t\t\t\t<div class=\"elementor-column elementor-col-66 elementor-inner-column elementor-element elementor-element-127b9c3f\" data-id=\"127b9c3f\" data-element_type=\"column\">\n\t\t\t<div class=\"elementor-widget-wrap elementor-element-populated\">\n\t\t\t\t\t\t<div class=\"elementor-element elementor-element-63b49e6a elementor-widget elementor-widget-text-editor\" data-id=\"63b49e6a\" data-element_type=\"widget\" data-widget_type=\"text-editor.default\">\n\t\t\t\t<div class=\"elementor-widget-container\">\n\t\t\t\t\t\t\t\t\t<p>Alr\u00e9en depuis mon enfance, j&#8217;ai commenc\u00e9 des \u00e9tudes en STAPS pour devenir professeur d&#8217;EPS mais me suis orient\u00e9 ensuite vers le concours d&#8217;enseignant pour le primaire et la maternelle dans la r\u00e9gion parisienne.&nbsp;<\/p>\n<p>Je n&#8217;y ai pas trouv\u00e9 mon bonheur et me suis tourn\u00e9 vers une formation en plomberie. De retour sur Auray, je ne m&#8217;attendais pas \u00e0 autant me plaire dans ce m\u00e9tier et une dizaine d&#8217;ann\u00e9es comme salari\u00e9 m&#8217;ont amen\u00e9 \u00e0 me jeter dans le grand bain. J&#8217;ai lanc\u00e9 ma micro-entreprise en 2018, et depuis lors, je m&#8217;\u00e9clate au travail !<\/p>\n<p>Le contact simple avec mes clients est pour moi le c\u0153ur de ce m\u00e9tier. Une fois sur votre projet, vous pourrez compter sur un suivi s\u00e9rieux et n&#8217;aurez pas \u00e0 craindre un manque de fiabilit\u00e9.&nbsp;<\/p>\n<p>Enfin, nous discuterons bateaux, p\u00eache, musculation, judo ou course \u00e0 pied. D&#8217;autant de sujets qui font partie int\u00e9grante de ma vie, hors du boulot.&nbsp;<\/p>\t\t\t\t\t\t\t\t<\/div>\n\t\t\t\t<\/div>\n\t\t\t\t\t<\/div>\n\t\t<\/div>\n\t\t\t\t\t<\/div>\n\t\t<\/section>\n\t\t\t\t<div class=\"elementor-element elementor-element-ddd4c5f elementor-widget elementor-widget-image\" data-id=\"ddd4c5f\" data-element_type=\"widget\" data-widget_type=\"image.default\">\n\t\t\t\t<div class=\"elementor-widget-container\">\n\t\t\t\t\t\t\t\t\t\t\t\t<figure class=\"wp-caption\">\n\t\t\t\t\t\t\t\t\t\t<img fetchpriority=\"high\" decoding=\"async\" width=\"1000\" height=\"526\" src=\"https:\/\/goumotplomberie.fr\/wp-content\/uploads\/2021\/08\/julien-goumot-propose-ses-services-dans-le-neuf-la_4323503_1000x526-1.jpg\" class=\"attachment-large size-large wp-image-1706\" alt=\"\" srcset=\"https:\/\/goumotplomberie.fr\/wp-content\/uploads\/2021\/08\/julien-goumot-propose-ses-services-dans-le-neuf-la_4323503_1000x526-1.jpg 1000w, https:\/\/goumotplomberie.fr\/wp-content\/uploads\/2021\/08\/julien-goumot-propose-ses-services-dans-le-neuf-la_4323503_1000x526-1-300x158.jpg 300w, https:\/\/goumotplomberie.fr\/wp-content\/uploads\/2021\/08\/julien-goumot-propose-ses-services-dans-le-neuf-la_4323503_1000x526-1-768x404.jpg 768w\" sizes=\"(max-width: 1000px) 100vw, 1000px\" \/>\t\t\t\t\t\t\t\t\t\t\t<figcaption class=\"widget-image-caption wp-caption-text\">Cr\u00e9dits : Le T\u00e9l\u00e9gramme<\/figcaption>\n\t\t\t\t\t\t\t\t\t\t<\/figure>\n\t\t\t\t\t\t\t\t\t<\/div>\n\t\t\t\t<\/div>\n\t\t\t\t\t<\/div>\n\t\t<\/div>\n\t\t\t\t\t<\/div>\n\t\t<\/section>\n\t\t\t\t<\/div>\n\t\t","protected":false},"excerpt":{"rendered":"<p>A Propos de moi Goumot plomberie &#8211; pays d&#8217;auray jgoumot.its@gmail.com Un parcours atypique mais une r\u00e9elle passion pour la plomberie Alr\u00e9en depuis mon enfance, j&#8217;ai commenc\u00e9 des \u00e9tudes en STAPS pour devenir professeur d&#8217;EPS mais me suis orient\u00e9 ensuite vers le concours d&#8217;enseignant pour le primaire et la maternelle dans la r\u00e9gion parisienne.&nbsp; Je n&#8217;y [&hellip;]<\/p>\n","protected":false},"author":1,"featured_media":0,"parent":0,"menu_order":0,"comment_status":"closed","ping_status":"closed","template":"","meta":{"site-sidebar-layout":"no-sidebar","site-content-layout":"page-builder","ast-site-content-layout":"default","site-content-style":"default","site-sidebar-style":"default","ast-global-header-display":"","ast-banner-title-visibility":"","ast-main-header-display":"","ast-hfb-above-header-display":"","ast-hfb-below-header-display":"","ast-hfb-mobile-header-display":"","site-post-title":"disabled","ast-breadcrumbs-content":"","ast-featured-img":"disabled","footer-sml-layout":"","ast-disable-related-posts":"","theme-transparent-header-meta":"enabled","adv-header-id-meta":"","stick-header-meta":"","header-above-stick-meta":"","header-main-stick-meta":"","header-below-stick-meta":"","astra-migrate-meta-layouts":"default","ast-page-background-enabled":"default","ast-page-background-meta":{"desktop":{"background-color":"","background-image":"","background-repeat":"repeat","background-position":"center center","background-size":"auto","background-attachment":"scroll","background-type":"","background-media":"","overlay-type":"","overlay-color":"","overlay-opacity":"","overlay-gradient":""},"tablet":{"background-color":"","background-image":"","background-repeat":"repeat","background-position":"center center","background-size":"auto","background-attachment":"scroll","background-type":"","background-media":"","overlay-type":"","overlay-color":"","overlay-opacity":"","overlay-gradient":""},"mobile":{"background-color":"","background-image":"","background-repeat":"repeat","background-position":"center center","background-size":"auto","background-attachment":"scroll","background-type":"","background-media":"","overlay-type":"","overlay-color":"","overlay-opacity":"","overlay-gradient":""}},"ast-content-background-meta":{"desktop":{"background-color":"var(--ast-global-color-5)","background-image":"","background-repeat":"repeat","background-position":"center center","background-size":"auto","background-attachment":"scroll","background-type":"","background-media":"","overlay-type":"","overlay-color":"","overlay-opacity":"","overlay-gradient":""},"tablet":{"background-color":"var(--ast-global-color-5)","background-image":"","background-repeat":"repeat","background-position":"center center","background-size":"auto","background-attachment":"scroll","background-type":"","background-media":"","overlay-type":"","overlay-color":"","overlay-opacity":"","overlay-gradient":""},"mobile":{"background-color":"var(--ast-global-color-5)","background-image":"","background-repeat":"repeat","background-position":"center center","background-size":"auto","background-attachment":"scroll","background-type":"","background-media":"","overlay-type":"","overlay-color":"","overlay-opacity":"","overlay-gradient":""}},"footnotes":""},"class_list":["post-8","page","type-page","status-publish","hentry"],"_links":{"self":[{"href":"https:\/\/goumotplomberie.fr\/index.php?rest_route=\/wp\/v2\/pages\/8","targetHints":{"allow":["GET"]}}],"collection":[{"href":"https:\/\/goumotplomberie.fr\/index.php?rest_route=\/wp\/v2\/pages"}],"about":[{"href":"https:\/\/goumotplomberie.fr\/index.php?rest_route=\/wp\/v2\/types\/page"}],"author":[{"embeddable":true,"href":"https:\/\/goumotplomberie.fr\/index.php?rest_route=\/wp\/v2\/users\/1"}],"replies":[{"embeddable":true,"href":"https:\/\/goumotplomberie.fr\/index.php?rest_route=%2Fwp%2Fv2%2Fcomments&post=8"}],"version-history":[{"count":13,"href":"https:\/\/goumotplomberie.fr\/index.php?rest_route=\/wp\/v2\/pages\/8\/revisions"}],"predecessor-version":[{"id":1716,"href":"https:\/\/goumotplomberie.fr\/index.php?rest_route=\/wp\/v2\/pages\/8\/revisions\/1716"}],"wp:attachment":[{"href":"https:\/\/goumotplomberie.fr\/index.php?rest_route=%2Fwp%2Fv2%2Fmedia&parent=8"}],"curies":[{"name":"wp","href":"https:\/\/api.w.org\/{rel}","templated":true}]}}